{"id":1344,"date":"2025-11-26T14:27:13","date_gmt":"2025-11-26T17:27:13","guid":{"rendered":"https:\/\/michellegamaodontologia.com\/?page_id=1344"},"modified":"2025-12-04T11:10:43","modified_gmt":"2025-12-04T14:10:43","slug":"lp","status":"publish","type":"page","link":"https:\/\/michellegamaodontologia.com\/index.php\/lp\/","title":{"rendered":"Dra. Michelle Gama"},"content":{"rendered":"\t\t<div data-elementor-type=\"wp-page\" data-elementor-id=\"1344\" class=\"elementor elementor-1344\" data-elementor-settings=\"{&quot;ha_cmc_init_switcher&quot;:&quot;no&quot;}\" data-elementor-post-type=\"page\">\n\t\t\t\t\t\t<section class=\"elementor-section elementor-top-section elementor-element elementor-element-721da14 elementor-section-boxed elementor-section-height-default elementor-section-height-default\" data-id=\"721da14\" data-element_type=\"section\" data-settings=\"{&quot;background_background&quot;:&quot;classic&quot;,&quot;_ha_eqh_enable&quot;:false}\">\n\t\t\t\t\t\t<div class=\"elementor-container elementor-column-gap-default\">\n\t\t\t\t\t<div class=\"elementor-column elementor-col-50 elementor-top-column elementor-element elementor-element-96fe4e6\" data-id=\"96fe4e6\" data-element_type=\"column\">\n\t\t\t<div class=\"elementor-widget-wrap elementor-element-populated\">\n\t\t\t\t\t\t<div class=\"elementor-element elementor-element-a21231b elementor-widget elementor-widget-spacer\" data-id=\"a21231b\" data-element_type=\"widget\" data-widget_type=\"spacer.default\">\n\t\t\t\t<div class=\"elementor-widget-container\">\n\t\t\t\t\t\t\t<div class=\"elementor-spacer\">\n\t\t\t<div class=\"elementor-spacer-inner\"><\/div>\n\t\t<\/div>\n\t\t\t\t\t\t<\/div>\n\t\t\t\t<\/div>\n\t\t\t\t<div class=\"elementor-element elementor-element-6f9415c elementor-widget__width-initial elementor-widget elementor-widget-text-editor\" data-id=\"6f9415c\" data-element_type=\"widget\" data-widget_type=\"text-editor.default\">\n\t\t\t\t<div class=\"elementor-widget-container\">\n\t\t\t\t\t\t\t\t\t<p>Bruxismo, apneia, dist\u00farbios do sono, dentes quebrados, dores orofaciais e muito mais.<\/p>\t\t\t\t\t\t\t\t<\/div>\n\t\t\t\t<\/div>\n\t\t\t\t<div class=\"elementor-element elementor-element-5c70a3b elementor-widget__width-initial elementor-widget elementor-widget-text-editor\" data-id=\"5c70a3b\" data-element_type=\"widget\" data-widget_type=\"text-editor.default\">\n\t\t\t\t<div class=\"elementor-widget-container\">\n\t\t\t\t\t\t\t\t\t<p>Sono, Respira\u00e7\u00e3o e Bem-Estar: Cuidamos de Voc\u00ea de Forma Completa<\/p><p>Diagn\u00f3stico preciso para devolver qualidade de vida ao seu dia e tranquilidade \u00e0s suas noites.<\/p><p>Aqui voc\u00ea encontra cuidado e acolhimento que transforma noites cansadas em dias leves e cheios de vida.<\/p>\t\t\t\t\t\t\t\t<\/div>\n\t\t\t\t<\/div>\n\t\t\t\t<div class=\"elementor-element elementor-element-868f837 elementor-mobile-align-center elementor-widget elementor-widget-button\" data-id=\"868f837\" data-element_type=\"widget\" data-widget_type=\"button.default\">\n\t\t\t\t<div class=\"elementor-widget-container\">\n\t\t\t\t\t\t\t\t\t<div class=\"elementor-button-wrapper\">\n\t\t\t\t\t<a class=\"elementor-button elementor-button-link elementor-size-sm\" href=\"https:\/\/api.whatsapp.com\/send\/?phone=5521987341112&#038;text=Ol%C3%A1%2C+vim+pelo+site+e+gostaria+de+agendar+uma+avalia%C3%A7%C3%A3o&#038;type=phone_number&#038;app_absent=0\">\n\t\t\t\t\t\t<span class=\"elementor-button-content-wrapper\">\n\t\t\t\t\t\t<span class=\"elementor-button-icon\">\n\t\t\t\t<i aria-hidden=\"true\" class=\"fab fa-whatsapp\"><\/i>\t\t\t<\/span>\n\t\t\t\t\t\t\t\t\t<span class=\"elementor-button-text\">AGENDAR AVALIA\u00c7\u00c3O<\/span>\n\t\t\t\t\t<\/span>\n\t\t\t\t\t<\/a>\n\t\t\t\t<\/div>\n\t\t\t\t\t\t\t\t<\/div>\n\t\t\t\t<\/div>\n\t\t\t\t<div class=\"elementor-element elementor-element-377e198 elementor-hidden-mobile elementor-widget elementor-widget-spacer\" data-id=\"377e198\" data-element_type=\"widget\" data-widget_type=\"spacer.default\">\n\t\t\t\t<div class=\"elementor-widget-container\">\n\t\t\t\t\t\t\t<div class=\"elementor-spacer\">\n\t\t\t<div class=\"elementor-spacer-inner\"><\/div>\n\t\t<\/div>\n\t\t\t\t\t\t<\/div>\n\t\t\t\t<\/div>\n\t\t\t\t\t<\/div>\n\t\t<\/div>\n\t\t\t\t<div class=\"elementor-column elementor-col-50 elementor-top-column elementor-element elementor-element-0f8fec4\" data-id=\"0f8fec4\" data-element_type=\"column\">\n\t\t\t<div class=\"elementor-widget-wrap elementor-element-populated\">\n\t\t\t\t\t\t<section class=\"elementor-section elementor-inner-section elementor-element elementor-element-649f697 elementor-section-boxed elementor-section-height-default elementor-section-height-default\" data-id=\"649f697\" data-element_type=\"section\" data-settings=\"{&quot;_ha_eqh_enable&quot;:false}\">\n\t\t\t\t\t\t<div class=\"elementor-container elementor-column-gap-default\">\n\t\t\t\t\t<div class=\"elementor-column elementor-col-100 elementor-inner-column elementor-element elementor-element-12b3108\" data-id=\"12b3108\" data-element_type=\"column\">\n\t\t\t<div class=\"elementor-widget-wrap elementor-element-populated\">\n\t\t\t\t<div class=\"elementor-element elementor-element-8b898ab e-flex e-con-boxed e-con e-parent\" data-id=\"8b898ab\" data-element_type=\"container\" data-settings=\"{&quot;_ha_eqh_enable&quot;:false}\">\n\t\t\t\t\t<div class=\"e-con-inner\">\n\t\t\t\t<div class=\"elementor-element elementor-element-a0809e1 elementor-widget__width-initial elementor-widget elementor-widget-image\" data-id=\"a0809e1\" data-element_type=\"widget\" data-widget_type=\"image.default\">\n\t\t\t\t<div class=\"elementor-widget-container\">\n\t\t\t\t\t\t\t\t\t\t\t\t\t\t\t<img fetchpriority=\"high\" decoding=\"async\" width=\"590\" height=\"977\" src=\"https:\/\/michellegamaodontologia.com\/wp-content\/uploads\/2025\/11\/Group-24.png\" class=\"attachment-large size-large wp-image-1347\" alt=\"\" srcset=\"https:\/\/michellegamaodontologia.com\/wp-content\/uploads\/2025\/11\/Group-24.png 590w, https:\/\/michellegamaodontologia.com\/wp-content\/uploads\/2025\/11\/Group-24-181x300.png 181w\" sizes=\"(max-width: 590px) 100vw, 590px\" \/>\t\t\t\t\t\t\t\t\t\t\t\t\t\t\t<\/div>\n\t\t\t\t<\/div>\n\t\t\t\t\t<\/div>\n\t\t\t\t<\/div>\n\t\t\t\t\t<\/div>\n\t\t<\/div>\n\t\t\t\t\t<\/div>\n\t\t<\/section>\n\t\t\t\t\t<\/div>\n\t\t<\/div>\n\t\t\t\t\t<\/div>\n\t\t<\/section>\n\t\t<div class=\"elementor-element elementor-element-e65ad68 e-flex e-con-boxed e-con e-parent\" data-id=\"e65ad68\" data-element_type=\"container\" data-settings=\"{&quot;background_background&quot;:&quot;classic&quot;,&quot;_ha_eqh_enable&quot;:false}\">\n\t\t\t\t\t<div class=\"e-con-inner\">\n\t\t<div class=\"elementor-element elementor-element-621c905 e-con-full e-flex e-con e-child\" data-id=\"621c905\" data-element_type=\"container\" data-settings=\"{&quot;_ha_eqh_enable&quot;:false}\">\n\t\t\t\t<div class=\"elementor-element elementor-element-48fc3fa elementor-widget elementor-widget-spacer\" data-id=\"48fc3fa\" data-element_type=\"widget\" data-widget_type=\"spacer.default\">\n\t\t\t\t<div class=\"elementor-widget-container\">\n\t\t\t\t\t\t\t<div class=\"elementor-spacer\">\n\t\t\t<div class=\"elementor-spacer-inner\"><\/div>\n\t\t<\/div>\n\t\t\t\t\t\t<\/div>\n\t\t\t\t<\/div>\n\t\t\t\t<div class=\"elementor-element elementor-element-6aafe39 elementor-widget__width-initial elementor-widget elementor-widget-image\" data-id=\"6aafe39\" data-element_type=\"widget\" data-widget_type=\"image.default\">\n\t\t\t\t<div class=\"elementor-widget-container\">\n\t\t\t\t\t\t\t\t\t\t\t\t\t\t\t<img decoding=\"async\" width=\"452\" height=\"606\" src=\"https:\/\/michellegamaodontologia.com\/wp-content\/uploads\/2025\/11\/LOGO-1.png\" class=\"attachment-large size-large wp-image-1362\" alt=\"\" srcset=\"https:\/\/michellegamaodontologia.com\/wp-content\/uploads\/2025\/11\/LOGO-1.png 452w, https:\/\/michellegamaodontologia.com\/wp-content\/uploads\/2025\/11\/LOGO-1-224x300.png 224w\" sizes=\"(max-width: 452px) 100vw, 452px\" \/>\t\t\t\t\t\t\t\t\t\t\t\t\t\t\t<\/div>\n\t\t\t\t<\/div>\n\t\t\t\t<div class=\"elementor-element elementor-element-e90dfbc elementor-widget elementor-widget-spacer\" data-id=\"e90dfbc\" data-element_type=\"widget\" data-widget_type=\"spacer.default\">\n\t\t\t\t<div class=\"elementor-widget-container\">\n\t\t\t\t\t\t\t<div class=\"elementor-spacer\">\n\t\t\t<div class=\"elementor-spacer-inner\"><\/div>\n\t\t<\/div>\n\t\t\t\t\t\t<\/div>\n\t\t\t\t<\/div>\n\t\t\t\t<\/div>\n\t\t<div class=\"elementor-element elementor-element-11797f2 e-con-full e-flex e-con e-child\" data-id=\"11797f2\" data-element_type=\"container\" data-settings=\"{&quot;_ha_eqh_enable&quot;:false}\">\n\t\t\t\t<div class=\"elementor-element elementor-element-ec7835e elementor-widget elementor-widget-text-editor\" data-id=\"ec7835e\" data-element_type=\"widget\" data-widget_type=\"text-editor.default\">\n\t\t\t\t<div class=\"elementor-widget-container\">\n\t\t\t\t\t\t\t\t\t<p>Onde estamos<\/p>\t\t\t\t\t\t\t\t<\/div>\n\t\t\t\t<\/div>\n\t\t\t\t<div class=\"elementor-element elementor-element-ee5c3e6 elementor-widget elementor-widget-google_maps\" data-id=\"ee5c3e6\" data-element_type=\"widget\" data-widget_type=\"google_maps.default\">\n\t\t\t\t<div class=\"elementor-widget-container\">\n\t\t\t\t\t\t\t<div class=\"elementor-custom-embed\">\n\t\t\t<iframe loading=\"lazy\"\n\t\t\t\t\tsrc=\"https:\/\/maps.google.com\/maps?q=Av.%20Nossa%20Sra.%20de%20Copacabana%2C%20680%20-%20Copacabana%2C%20Rio%20de%20Janeiro%20-%20RJ%2C%2022050-001&#038;t=m&#038;z=10&#038;output=embed&#038;iwloc=near\"\n\t\t\t\t\ttitle=\"Av. Nossa Sra. de Copacabana, 680 - Copacabana, Rio de Janeiro - RJ, 22050-001\"\n\t\t\t\t\taria-label=\"Av. Nossa Sra. de Copacabana, 680 - Copacabana, Rio de Janeiro - RJ, 22050-001\"\n\t\t\t><\/iframe>\n\t\t<\/div>\n\t\t\t\t\t\t<\/div>\n\t\t\t\t<\/div>\n\t\t\t\t<\/div>\n\t\t\t\t\t<\/div>\n\t\t\t\t<\/div>\n\t\t<div class=\"elementor-element elementor-element-23c45db e-flex e-con-boxed e-con e-parent\" data-id=\"23c45db\" data-element_type=\"container\" data-settings=\"{&quot;background_background&quot;:&quot;classic&quot;,&quot;_ha_eqh_enable&quot;:false}\">\n\t\t\t\t\t<div class=\"e-con-inner\">\n\t\t\t\t<div class=\"elementor-element elementor-element-73db2c1 elementor-widget elementor-widget-text-editor\" data-id=\"73db2c1\" data-element_type=\"widget\" data-widget_type=\"text-editor.default\">\n\t\t\t\t<div class=\"elementor-widget-container\">\n\t\t\t\t\t\t\t\t\t<p>\u00a9 2025 Dra. Michelle Gama &#8211; Todos os direitos reservados.<\/p>\t\t\t\t\t\t\t\t<\/div>\n\t\t\t\t<\/div>\n\t\t\t\t\t<\/div>\n\t\t\t\t<\/div>\n\t\t\t\t<\/div>\n\t\t","protected":false},"excerpt":{"rendered":"<p>Bruxismo, apneia, dist\u00farbios do sono, dentes quebrados, dores orofaciais e muito mais. Sono, Respira\u00e7\u00e3o e Bem-Estar: Cuidamos de Voc\u00ea de Forma Completa Diagn\u00f3stico preciso para devolver qualidade de vida ao seu dia e tranquilidade \u00e0s suas noites. Aqui voc\u00ea encontra cuidado e acolhimento que transforma noites cansadas em dias leves e cheios de vida. AGENDAR [&hellip;]<\/p>\n","protected":false},"author":1,"featured_media":0,"parent":0,"menu_order":0,"comment_status":"closed","ping_status":"closed","template":"elementor_canvas","meta":{"_joinchat":[],"footnotes":""},"class_list":["post-1344","page","type-page","status-publish","hentry"],"_links":{"self":[{"href":"https:\/\/michellegamaodontologia.com\/index.php\/wp-json\/wp\/v2\/pages\/1344","targetHints":{"allow":["GET"]}}],"collection":[{"href":"https:\/\/michellegamaodontologia.com\/index.php\/wp-json\/wp\/v2\/pages"}],"about":[{"href":"https:\/\/michellegamaodontologia.com\/index.php\/wp-json\/wp\/v2\/types\/page"}],"author":[{"embeddable":true,"href":"https:\/\/michellegamaodontologia.com\/index.php\/wp-json\/wp\/v2\/users\/1"}],"replies":[{"embeddable":true,"href":"https:\/\/michellegamaodontologia.com\/index.php\/wp-json\/wp\/v2\/comments?post=1344"}],"version-history":[{"count":64,"href":"https:\/\/michellegamaodontologia.com\/index.php\/wp-json\/wp\/v2\/pages\/1344\/revisions"}],"predecessor-version":[{"id":1422,"href":"https:\/\/michellegamaodontologia.com\/index.php\/wp-json\/wp\/v2\/pages\/1344\/revisions\/1422"}],"wp:attachment":[{"href":"https:\/\/michellegamaodontologia.com\/index.php\/wp-json\/wp\/v2\/media?parent=1344"}],"curies":[{"name":"wp","href":"https:\/\/api.w.org\/{rel}","templated":true}]}}